{"id":2577,"date":"2022-02-04T09:55:58","date_gmt":"2022-02-04T09:55:58","guid":{"rendered":"https:\/\/toolkit.imageautism.com\/_fr\/?page_id=2577"},"modified":"2022-02-16T11:47:37","modified_gmt":"2022-02-16T11:47:37","slug":"disclaimer","status":"publish","type":"page","link":"https:\/\/toolkit.imageautism.com\/_fr\/privacy-policy\/disclaimer\/","title":{"rendered":"Avis de non-responsabilit\u00e9"},"content":{"rendered":"<p>IMAGE a \u00e9t\u00e9 cofinanc\u00e9 par le programme Erasmus+ de l&rsquo;Union europ\u00e9enne (r\u00e9f 2018-1-UK01-KA203-048276). Le mat\u00e9riel contenu dans cette bo\u00eete \u00e0 outils est fourni \u00e0 des fins g\u00e9n\u00e9rales uniquement et peut ne pas \u00eatre applicable dans toutes les situations. Les auteurs n&rsquo;accepteront aucune responsabilit\u00e9 pour toute perte subie par une personne ou une entreprise, quelle qu&rsquo;en soit la cause, du fait de la confiance accord\u00e9e aux documents contenus dans cette bo\u00eete \u00e0 outils.<\/p>\n<p>La bo\u00eete \u00e0 outils IMAGE sur l&#8217;employabilit\u00e9 a \u00e9t\u00e9 cr\u00e9\u00e9e par le <a href=\"https:\/\/www.leedsbeckett.ac.uk\/research\/larc\/collaborations\/autism-research-lab\/\" target=\"_blank\" rel=\"noopener\">Autism Research Lab<\/a> de l&rsquo;universit\u00e9 Leeds Beckett.<\/p>\n<p>Le mat\u00e9riel est sous licence <a href=\"http:\/\/creativecommons.org\/licenses\/by\/4.0\/\" target=\"_blank\" rel=\"license noopener\">Creative Commons Attribution 4.0 License<\/a> <a href=\"http:\/\/creativecommons.org\/licenses\/by\/4.0\/\" target=\"_blank\" rel=\"license noopener\"><img decoding=\"async\" style=\"border-width: 0;\" src=\"https:\/\/i.creativecommons.org\/l\/by\/4.0\/88x31.png\" alt=\"Creative Commons License\" \/><\/a><\/p>\n<p><img loading=\"lazy\" decoding=\"async\" class=\"alignnone wp-image-2374\" src=\"https:\/\/toolkit.imageautism.com\/_fr\/wp-content\/uploads\/2021\/12\/ErasmusPlus-right-1024x297.png\" alt=\"\" width=\"286\" height=\"83\" srcset=\"https:\/\/toolkit.imageautism.com\/_fr\/wp-content\/uploads\/2021\/12\/ErasmusPlus-right-1024x297.png 1024w, https:\/\/toolkit.imageautism.com\/_fr\/wp-content\/uploads\/2021\/12\/ErasmusPlus-right-300x87.png 300w, https:\/\/toolkit.imageautism.com\/_fr\/wp-content\/uploads\/2021\/12\/ErasmusPlus-right-768x222.png 768w, https:\/\/toolkit.imageautism.com\/_fr\/wp-content\/uploads\/2021\/12\/ErasmusPlus-right-1536x445.png 1536w, https:\/\/toolkit.imageautism.com\/_fr\/wp-content\/uploads\/2021\/12\/ErasmusPlus-right-2048x593.png 2048w\" sizes=\"auto, (max-width: 286px) 100vw, 286px\" \/>\u00a0 \u00a0<img loading=\"lazy\" decoding=\"async\" class=\"alignnone wp-image-2579\" src=\"https:\/\/toolkit.imageautism.com\/_fr\/wp-content\/uploads\/2022\/02\/2018_LBU01_blackpng-1024x430.png\" alt=\"\" width=\"307\" height=\"129\" srcset=\"https:\/\/toolkit.imageautism.com\/_fr\/wp-content\/uploads\/2022\/02\/2018_LBU01_blackpng-1024x430.png 1024w, https:\/\/toolkit.imageautism.com\/_fr\/wp-content\/uploads\/2022\/02\/2018_LBU01_blackpng-300x126.png 300w, https:\/\/toolkit.imageautism.com\/_fr\/wp-content\/uploads\/2022\/02\/2018_LBU01_blackpng-768x322.png 768w, https:\/\/toolkit.imageautism.com\/_fr\/wp-content\/uploads\/2022\/02\/2018_LBU01_blackpng.png 1427w\" sizes=\"auto, (max-width: 307px) 100vw, 307px\" \/><\/p>\n","protected":false},"excerpt":{"rendered":"<p>IMAGE a \u00e9t\u00e9 cofinanc\u00e9 par le programme Erasmus+ de l&rsquo;Union europ\u00e9enne (r\u00e9f 2018-1-UK01-KA203-048276). Le mat\u00e9riel contenu dans cette bo\u00eete \u00e0 outils est fourni \u00e0 des fins g\u00e9n\u00e9rales uniquement et peut ne pas \u00eatre applicable dans toutes les situations. Les auteurs n&rsquo;accepteront aucune responsabilit\u00e9 pour toute perte subie par une personne ou<\/p>\n","protected":false},"author":90,"featured_media":0,"parent":2433,"menu_order":10,"comment_status":"closed","ping_status":"closed","template":"","meta":{"_acf_changed":false,"footnotes":""},"class_list":["post-2577","page","type-page","status-publish","hentry"],"acf":[],"_links":{"self":[{"href":"https:\/\/toolkit.imageautism.com\/_fr\/wp-json\/wp\/v2\/pages\/2577","targetHints":{"allow":["GET"]}}],"collection":[{"href":"https:\/\/toolkit.imageautism.com\/_fr\/wp-json\/wp\/v2\/pages"}],"about":[{"href":"https:\/\/toolkit.imageautism.com\/_fr\/wp-json\/wp\/v2\/types\/page"}],"author":[{"embeddable":true,"href":"https:\/\/toolkit.imageautism.com\/_fr\/wp-json\/wp\/v2\/users\/90"}],"replies":[{"embeddable":true,"href":"https:\/\/toolkit.imageautism.com\/_fr\/wp-json\/wp\/v2\/comments?post=2577"}],"version-history":[{"count":2,"href":"https:\/\/toolkit.imageautism.com\/_fr\/wp-json\/wp\/v2\/pages\/2577\/revisions"}],"predecessor-version":[{"id":2675,"href":"https:\/\/toolkit.imageautism.com\/_fr\/wp-json\/wp\/v2\/pages\/2577\/revisions\/2675"}],"up":[{"embeddable":true,"href":"https:\/\/toolkit.imageautism.com\/_fr\/wp-json\/wp\/v2\/pages\/2433"}],"wp:attachment":[{"href":"https:\/\/toolkit.imageautism.com\/_fr\/wp-json\/wp\/v2\/media?parent=2577"}],"curies":[{"name":"wp","href":"https:\/\/api.w.org\/{rel}","templated":true}]}}