{"id":2433,"date":"2022-01-04T15:50:52","date_gmt":"2022-01-04T15:50:52","guid":{"rendered":"https:\/\/toolkit.imageautism.com\/_fr\/?page_id=2433"},"modified":"2022-02-14T16:43:18","modified_gmt":"2022-02-14T16:43:18","slug":"privacy-policy","status":"publish","type":"page","link":"https:\/\/toolkit.imageautism.com\/_fr\/privacy-policy\/","title":{"rendered":"Politique de confidentialit\u00e9"},"content":{"rendered":"<p>Cette politique de confidentialit\u00e9 couvre les informations et les services relatifs \u00e0 la bo\u00eete \u00e0 outils IMAGE sur toolkit.imageautism.com (la \u00ab\u00a0Bo\u00eete \u00e0 outils\u00a0\u00bb) fournie par l&rsquo;Universit\u00e9 Leeds Beckett, Royaume-Uni (LBU, \u00ab\u00a0nous\u00a0\u00bb, \u00ab\u00a0notre\u00a0\u00bb ou \u00ab\u00a0nos\u00a0\u00bb), en tant que chef de projet pour le projet IMAGE financ\u00e9 par l&rsquo;UE.<\/p>\n<p>L&rsquo;objectif de cette d\u00e9claration est d&rsquo;informer les utilisateurs de la Bo\u00eete \u00e0 outils des informations recueillies \u00e0 leur sujet lorsqu&rsquo;ils visitent ce site, de la mani\u00e8re dont ces informations sont utilis\u00e9es, de toute divulgation \u00e0 des tiers et des moyens par lesquels la vie priv\u00e9e des utilisateurs est prot\u00e9g\u00e9e. Veuillez ne pas utiliser la Bo\u00eete \u00e0 outils si vous n&rsquo;\u00eates pas d&rsquo;accord avec cette politique.<\/p>\n<h2><strong>Informations que nous recueillons<\/strong><\/h2>\n<p>Nous collectons et traitons vos donn\u00e9es personnelles avec votre consentement. Cela signifie que nous ne pouvons traiter vos donn\u00e9es personnelles que si vous y avez consenti. En tant que personne dont nous traitons les donn\u00e9es personnelles (nom et adresse \u00e9lectronique), vous avez \u00e9galement le droit de retirer votre consentement \u00e0 tout moment.<\/p>\n<p>Nous recueillons des informations sur l&rsquo;utilisation du site aupr\u00e8s de tous les visiteurs. Il s&rsquo;agit d&rsquo;informations que votre navigateur envoie chaque fois que vous visitez la Bo\u00eete \u00e0 outils. Il peut s&rsquo;agir d&rsquo;informations telles que l&rsquo;adresse de protocole Internet (\u00ab\u00a0IP\u00a0\u00bb) de votre ordinateur, le type et la version de votre navigateur, les pages de la Bo\u00eete \u00e0 outils que vous visitez, l&rsquo;heure et la date de votre visite, le temps pass\u00e9 sur ces pages et d&rsquo;autres statistiques. En outre, nous pouvons utiliser des services tiers, tels que Google Analytics, qui collectent, contr\u00f4lent et analysent ces donn\u00e9es.<\/p>\n<p>Nous recueillons \u00e9galement aupr\u00e8s des utilisateurs enregistr\u00e9s des informations personnelles telles que votre nom, votre adresse \u00e9lectronique, vos pr\u00e9f\u00e9rences et vos besoins en mati\u00e8re d&#8217;employabilit\u00e9 et d&rsquo;objectifs professionnels. En vous inscrivant \u00e0 la Bo\u00eete \u00e0 outils, vous d\u00e9clarez que vous n&rsquo;\u00eates pas mineur (moins de 18 ans).<\/p>\n<h2><strong>Comment nous utilisons ces informations<\/strong><\/h2>\n<p>Lorsque vous avez consenti \u00e0 utiliser la Bo\u00eete \u00e0 outils et que vous continuez \u00e0 naviguer sur la Bo\u00eete \u00e0 outils et\/ou \u00e0 nous fournir vos donn\u00e9es personnelles, nous pouvons utiliser vos informations pour :<\/p>\n<ul>\n<li>maintenir le fonctionnement et la s\u00e9curit\u00e9 de la Bo\u00eete \u00e0 outils, et pour nos analyses et rapports internes ;<\/li>\n<li>faciliter la cr\u00e9ation du compte et la proc\u00e9dure de connexion, g\u00e9rer votre compte et vous envoyer des courriers \u00e9lectroniques administratifs ;<\/li>\n<li>vous fournir des services destin\u00e9s \u00e0 am\u00e9liorer votre employabilit\u00e9 ;<\/li>\n<li>vous demander un retour d&rsquo;information sur nos services.<\/li>\n<\/ul>\n<h2><strong>Confidentialit\u00e9 et s\u00e9curit\u00e9<\/strong><\/h2>\n<p>La LBU prend votre vie priv\u00e9e au s\u00e9rieux. Nous sommes responsables de la prise en charge de vos donn\u00e9es personnelles en tant que responsable de traitement. Toutes les informations que nous recueillons seront conserv\u00e9es de mani\u00e8re s\u00e9curis\u00e9e et conform\u00e9ment au r\u00e8glement g\u00e9n\u00e9ral sur la protection des donn\u00e9es (\u00a0\u00bb RGPD \u00ab\u00a0) et \u00e0 la loi britannique sur la protection des donn\u00e9es de 2018 (\u00a0\u00bb DPA \u00ab\u00a0), ainsi qu&rsquo;\u00e0 toute l\u00e9gislation succ\u00e9dant au RGPD et \u00e0 la DPA.<\/p>\n<p>Vos donn\u00e9es personnelles ne sont normalement pas divulgu\u00e9es \u00e0 des tiers. Toutefois, dans certaines circonstances, nous pouvons \u00eatre amen\u00e9s \u00e0 divulguer vos donn\u00e9es personnelles \u00e0 un tiers afin :<\/p>\n<ul>\n<li>que nous puissions ou qu\u2019ils puissent fournir un service que vous avez demand\u00e9 ;<\/li>\n<li>que nous puissions r\u00e9pondre \u00e0 une demande d&rsquo;information dans le cadre de l\u2019application de la loi, suite \u00e0 une potentielle requ\u00eate judiciaire contraignante.<\/li>\n<\/ul>\n<p>Toute information vous concernant que nous transmettons \u00e0 un tiers sera conserv\u00e9e en toute s\u00e9curit\u00e9 par ce dernier, conform\u00e9ment au RGPD et \u00e0 la DPA, et utilis\u00e9e uniquement pour fournir les services ou les informations demand\u00e9s.<\/p>\n<h2><strong>O\u00f9 nous stockons vos informations<\/strong><\/h2>\n<p>Vos donn\u00e9es personnelles sont principalement stock\u00e9es dans un centre de donn\u00e9es situ\u00e9 au Royaume-Uni. Afin d&rsquo;analyser les informations relatives \u00e0 l&rsquo;utilisation du site, les donn\u00e9es anonymes que nous recueillons aupr\u00e8s de vous peuvent \u00eatre transf\u00e9r\u00e9es et stock\u00e9es vers une autre destination dans l&rsquo;Espace \u00e9conomique europ\u00e9en (EEE).<\/p>\n<p>En soumettant vos donn\u00e9es personnelles ou en acceptant certains cookies, vous acceptez ce transfert, ce stockage ou ce traitement. LBU prendra les mesures proportionn\u00e9es n\u00e9cessaires pour garantir que vos donn\u00e9es sont trait\u00e9es en toute s\u00e9curit\u00e9 et conform\u00e9ment \u00e0 la r\u00e9glementation en vigueur.<\/p>\n<p>Vous devez \u00eatre conscient que la transmission d&rsquo;informations via Internet n&rsquo;est pas totalement s\u00e9curis\u00e9e. Bien que nous fassions de notre mieux pour prot\u00e9ger vos donn\u00e9es personnelles, nous ne pouvons pas garantir la s\u00e9curit\u00e9 des donn\u00e9es transmises \u00e0 notre site ; toute transmission se fait \u00e0 vos propres risques.<\/p>\n<h2><strong>Combien de temps conservons-nous vos informations ?<\/strong><\/h2>\n<p>Nous conservons vos informations aussi longtemps que n\u00e9cessaire pour atteindre les objectifs d\u00e9crits dans la pr\u00e9sente politique de confidentialit\u00e9, sauf obligation l\u00e9gale contraire. Pour plus de d\u00e9tails sur la dur\u00e9e de conservation des cookies, veuillez vous reporter \u00e0 notre <a href=\"https:\/\/toolkit.imageautism.com\/_fr\/cookie-policy\/\">politique en mati\u00e8re de cookies<\/a>.<\/p>\n<p>Les utilisateurs enregistr\u00e9s peuvent supprimer leur compte \u00e0 tout moment. La suppression d&rsquo;un compte emp\u00eachera tout acc\u00e8s ult\u00e9rieur \u00e0 la bo\u00eete \u00e0 outils, mais peut ne pas supprimer imm\u00e9diatement toutes les donn\u00e9es personnelles li\u00e9es \u00e0 ce compte (par exemple, parce que vos informations personnelles ont \u00e9t\u00e9 stock\u00e9es dans des archives de sauvegarde).<\/p>\n<p>Lorsque nous n&rsquo;avons plus de besoin l\u00e9gitime de traiter vos informations personnelles, nous supprimons ou rendons anonymes ces informations ou, si cela n&rsquo;est pas possible (par exemple, parce que vos informations personnelles ont \u00e9t\u00e9 stock\u00e9es dans des archives de sauvegarde), nous stockons vos informations personnelles en toute s\u00e9curit\u00e9 et les isolons de tout autre traitement jusqu&rsquo;\u00e0 ce que leur suppression soit possible.<\/p>\n<h2><strong>Cookies<\/strong><\/h2>\n<p>Les cookies sont des \u00e9l\u00e9ments de donn\u00e9es cr\u00e9\u00e9s lorsque vous visitez un site et sont stock\u00e9s dans le r\u00e9pertoire des cookies de votre disque dur. Pour plus d&rsquo;informations sur notre utilisation des cookies, veuillez consulter notre <a href=\"https:\/\/toolkit.imageautism.com\/_fr\/cookie-policy\/\"><u>politique en mati\u00e8re de cookies<\/u><\/a>.<\/p>\n<h2><strong>Liens vers d&rsquo;autres sites<\/strong><\/h2>\n<p>La Bo\u00eete \u00e0 outils contient des liens vers d&rsquo;autres sites. Il s&rsquo;agit de tiers proposant des informations susceptibles de vous int\u00e9resser et d&rsquo;\u00eatre pertinentes. La LBU n&rsquo;est pas responsable des pratiques de confidentialit\u00e9 des organisations qui g\u00e8rent ces autres sites. Vous devez en \u00eatre conscient lorsque vous quittez le Toolkit et, si vous \u00eates concern\u00e9, lire les d\u00e9clarations de confidentialit\u00e9 des autres sites Web que vous visitez.<\/p>\n<h2><strong>Publicit\u00e9<\/strong><\/h2>\n<p>Nous n&rsquo;utilisons pas de publicit\u00e9 de tiers sur ce site. Il se peut que nous approuvions d&rsquo;autres sites Web de recherche ou des bo\u00eetes \u00e0 outils parce que nous pensons qu&rsquo;ils peuvent vous \u00eatre utiles. Nous le faisons sans recevoir de paiement ou autre avantage.<\/p>\n<h2><strong>Modifications de la politique de confidentialit\u00e9<\/strong><\/h2>\n<p>Si la pr\u00e9sente politique de confidentialit\u00e9 est modifi\u00e9e de quelque mani\u00e8re que ce soit, nous placerons une version actualis\u00e9e sur cette page afin que vous puissiez rester au courant des informations que nous recueillons, de la mani\u00e8re dont nous les utilisons et des circonstances dans lesquelles, le cas \u00e9ch\u00e9ant, nous les partageons avec des tiers.<\/p>\n<h2><strong>Vos droits<\/strong><\/h2>\n<p>Vous disposez de certains droits concernant vos donn\u00e9es personnelles que nous traitons comme suit :<\/p>\n<p>En tant qu&rsquo;utilisateur enregistr\u00e9, vous pouvez g\u00e9rer vos donn\u00e9es personnelles sur la page \u00ab\u00a0Donn\u00e9es personnelles\u00a0\u00bb pour :<\/p>\n<ol>\n<li>acc\u00e9der \u00e0 vos donn\u00e9es personnelles que nous traitons ;<\/li>\n<li>rectifier les donn\u00e9es personnelles que nous d\u00e9tenons \u00e0 votre sujet si elles sont inexactes ou incompl\u00e8tes ;<\/li>\n<li>demander l&rsquo;effacement de vos donn\u00e9es personnelles (suppression de votre compte) lorsqu&rsquo;il n&rsquo;existe aucune raison imp\u00e9rieuse de poursuivre leur traitement ;<\/li>\n<li>restreindre le traitement de vos donn\u00e9es personnelles de certaines mani\u00e8res ;<\/li>\n<li>obtenir vos donn\u00e9es personnelles pour les r\u00e9utiliser ;<\/li>\n<\/ol>\n<p>Si vous r\u00e9sidez dans l&rsquo;EEE ou au Royaume-Uni et que vous pensez que nous traitons ill\u00e9galement vos informations personnelles, vous avez \u00e9galement le droit de vous plaindre aupr\u00e8s de l&rsquo;autorit\u00e9 de contr\u00f4le de la protection des donn\u00e9es de votre pays. Vous pouvez trouver leurs coordonn\u00e9es ici : <a href=\"https:\/\/ec.europa.eu\/justice\/data-protection\/bodies\/authorities\/index_en.htm\" target=\"_blank\" rel=\"noopener\">https:\/\/ec.europa.eu\/justice\/data-protection\/bodies\/authorities\/index_en.htm<\/a>. Le contact pour le Royaume-Uni est l&rsquo;Information Commissioner&rsquo;s Office (<a href=\"https:\/\/ico.org.uk\/\" target=\"_blank\" rel=\"noopener\">https:\/\/ico.org.uk\/<\/a>).<\/p>\n<p>Pour de plus amples informations ou si vous souhaitez nous contacter au sujet de cet avis, veuillez \u00e9crire (en expliquant que vous vous int\u00e9ressez au site web toolkit.imageautism.com) au :<\/p>\n<p>Data Protection Officer<br \/>\nLeeds Beckett University<br \/>\nCalverley Street<br \/>\nLeeds LS1 3HE<br \/>\nUnited Kingdom<\/p>\n<p><a href=\"mailto:secretary@leedsbeckett.ac.uk\">secretary@leedsbeckett.ac.uk<\/a><\/p>\n","protected":false},"excerpt":{"rendered":"<p>Cette politique de confidentialit\u00e9 couvre les informations et les services relatifs \u00e0 la bo\u00eete \u00e0 outils IMAGE sur toolkit.imageautism.com (la \u00ab\u00a0Bo\u00eete \u00e0 outils\u00a0\u00bb) fournie par l&rsquo;Universit\u00e9 Leeds Beckett, Royaume-Uni (LBU, \u00ab\u00a0nous\u00a0\u00bb, \u00ab\u00a0notre\u00a0\u00bb ou \u00ab\u00a0nos\u00a0\u00bb), en tant que chef de projet pour le projet IMAGE financ\u00e9 par l&rsquo;UE. L&rsquo;objectif de cette d\u00e9claration<\/p>\n","protected":false},"author":90,"featured_media":0,"parent":0,"menu_order":1,"comment_status":"closed","ping_status":"closed","template":"","meta":{"_acf_changed":false,"footnotes":""},"class_list":["post-2433","page","type-page","status-publish","hentry"],"acf":[],"_links":{"self":[{"href":"https:\/\/toolkit.imageautism.com\/_fr\/wp-json\/wp\/v2\/pages\/2433","targetHints":{"allow":["GET"]}}],"collection":[{"href":"https:\/\/toolkit.imageautism.com\/_fr\/wp-json\/wp\/v2\/pages"}],"about":[{"href":"https:\/\/toolkit.imageautism.com\/_fr\/wp-json\/wp\/v2\/types\/page"}],"author":[{"embeddable":true,"href":"https:\/\/toolkit.imageautism.com\/_fr\/wp-json\/wp\/v2\/users\/90"}],"replies":[{"embeddable":true,"href":"https:\/\/toolkit.imageautism.com\/_fr\/wp-json\/wp\/v2\/comments?post=2433"}],"version-history":[{"count":2,"href":"https:\/\/toolkit.imageautism.com\/_fr\/wp-json\/wp\/v2\/pages\/2433\/revisions"}],"predecessor-version":[{"id":2670,"href":"https:\/\/toolkit.imageautism.com\/_fr\/wp-json\/wp\/v2\/pages\/2433\/revisions\/2670"}],"wp:attachment":[{"href":"https:\/\/toolkit.imageautism.com\/_fr\/wp-json\/wp\/v2\/media?parent=2433"}],"curies":[{"name":"wp","href":"https:\/\/api.w.org\/{rel}","templated":true}]}}