{"id":2410,"date":"2021-12-27T15:19:58","date_gmt":"2021-12-27T15:19:58","guid":{"rendered":"https:\/\/toolkit.imageautism.com\/_fr\/?page_id=2410"},"modified":"2022-02-16T11:47:15","modified_gmt":"2022-02-16T11:47:15","slug":"cookie-policy","status":"publish","type":"page","link":"https:\/\/toolkit.imageautism.com\/_fr\/privacy-policy\/cookie-policy\/","title":{"rendered":"Politique en mati\u00e8re de cookies"},"content":{"rendered":"<p>La pr\u00e9sente politique en mati\u00e8re de cookies explique ce que sont les cookies et comment nous les utilisons, les types de cookies que nous utilisons, c&rsquo;est-\u00e0-dire les informations que nous recueillons \u00e0 l&rsquo;aide des cookies et comment ces informations sont utilis\u00e9es, et comment contr\u00f4ler les pr\u00e9f\u00e9rences en mati\u00e8re de cookies. Pour plus d&rsquo;informations sur la mani\u00e8re dont nous utilisons, stockons et s\u00e9curisons vos donn\u00e9es personnelles, consultez notre <a href=\"https:\/\/toolkit.imageautism.com\/_fr\/privacy-policy\/\">politique de confidentialit\u00e9<\/a>. Vous pouvez \u00e0 tout moment modifier ou retirer votre consentement \u00e0 la D\u00e9claration sur les cookies sur notre site web.<\/p>\n<h2><strong>Que sont les cookies ?<\/strong><\/h2>\n<p>Les cookies sont de petits fichiers texte qui sont utilis\u00e9s pour stocker de petits \u00e9l\u00e9ments d&rsquo;information. Ils sont stock\u00e9s sur votre appareil lorsque le site web est charg\u00e9 sur votre navigateur. Ces cookies nous aident \u00e0 faire fonctionner le site web correctement, \u00e0 le rendre plus s\u00fbr, \u00e0 fournir une meilleure exp\u00e9rience utilisateur et \u00e0 comprendre comment le site web fonctionne et \u00e0 analyser ce qui fonctionne et ce qui doit \u00eatre am\u00e9lior\u00e9.<\/p>\n<p>Les cookies n&rsquo;expirent g\u00e9n\u00e9ralement pas \u00e0 la fin de votre session. Les cookies ne contiennent pas d&rsquo;informations personnelles vous concernant et ne peuvent pas \u00eatre utilis\u00e9s pour identifier un utilisateur individuel. Ils sont utilis\u00e9s pour vous aider lorsque vous revenez sur un site web.<\/p>\n<p>Par exemple, ils peuvent vous permettre de revenir directement \u00e0 une partie particuli\u00e8re du site en vous \u00ab\u00a0m\u00e9morisant\u00a0\u00bb. Si vous choisissez de ne pas accepter les cookies (par exemple en param\u00e9trant votre navigateur pour les rejeter), cela peut affecter votre acc\u00e8s \u00e0 certaines parties de la Bo\u00eete \u00e0 outils.<\/p>\n<h2><strong>Quels types de cookies utilisons-nous ?<\/strong><\/h2>\n<ol>\n<li><strong>N\u00e9cessaires <\/strong>: Ces cookies sont n\u00e9cessaires au bon fonctionnement du site web. Cette cat\u00e9gorie comprend les cookies qui assurent les fonctionnalit\u00e9s de base et les fonctions de s\u00e9curit\u00e9 du site web. Aucune information personnelle n&rsquo;est stock\u00e9e.<\/li>\n<li><strong>Analytiques <\/strong>: Ces cookies collectent des donn\u00e9es anonymes sur la fa\u00e7on dont les visiteurs utilisent notre site et sur ses performances. Nous les utilisons pour am\u00e9liorer nos produits, nos services et l&rsquo;exp\u00e9rience des utilisateurs.<\/li>\n<\/ol>\n<h2><strong>Quelle est la dur\u00e9e de conservation des cookies ?<\/strong><\/h2>\n<p>Votre navigateur stocke les cookies n\u00e9cessaires, vos informations de consentement aux cookies et les cookies d&rsquo;analyse pendant 1 an. Vous pouvez supprimer manuellement les cookies \u00e0 tout moment via votre navigateur (voir ci-dessous).<\/p>\n<h2><strong>Comment puis-je contr\u00f4ler les pr\u00e9f\u00e9rences en mati\u00e8re de cookies ?<\/strong><\/h2>\n<p>Les diff\u00e9rents navigateurs offrent diff\u00e9rentes m\u00e9thodes pour bloquer et supprimer les cookies utilis\u00e9s par les sites web. Vous pouvez modifier les param\u00e8tres de votre navigateur pour bloquer ou supprimer les cookies. Pour en savoir plus sur la mani\u00e8re de g\u00e9rer et de supprimer les cookies, consultez le site <a href=\"https:\/\/www.allaboutcookies.org\" target=\"_blank\" rel=\"noopener\">www.allaboutcookies.org<\/a>.<\/p>\n","protected":false},"excerpt":{"rendered":"<p>La pr\u00e9sente politique en mati\u00e8re de cookies explique ce que sont les cookies et comment nous les utilisons, les types de cookies que nous utilisons, c&rsquo;est-\u00e0-dire les informations que nous recueillons \u00e0 l&rsquo;aide des cookies et comment ces informations sont utilis\u00e9es, et comment contr\u00f4ler les pr\u00e9f\u00e9rences en mati\u00e8re de cookies. Pour<\/p>\n","protected":false},"author":90,"featured_media":0,"parent":2433,"menu_order":1,"comment_status":"closed","ping_status":"closed","template":"","meta":{"_acf_changed":false,"footnotes":""},"class_list":["post-2410","page","type-page","status-publish","hentry"],"acf":[],"_links":{"self":[{"href":"https:\/\/toolkit.imageautism.com\/_fr\/wp-json\/wp\/v2\/pages\/2410","targetHints":{"allow":["GET"]}}],"collection":[{"href":"https:\/\/toolkit.imageautism.com\/_fr\/wp-json\/wp\/v2\/pages"}],"about":[{"href":"https:\/\/toolkit.imageautism.com\/_fr\/wp-json\/wp\/v2\/types\/page"}],"author":[{"embeddable":true,"href":"https:\/\/toolkit.imageautism.com\/_fr\/wp-json\/wp\/v2\/users\/90"}],"replies":[{"embeddable":true,"href":"https:\/\/toolkit.imageautism.com\/_fr\/wp-json\/wp\/v2\/comments?post=2410"}],"version-history":[{"count":2,"href":"https:\/\/toolkit.imageautism.com\/_fr\/wp-json\/wp\/v2\/pages\/2410\/revisions"}],"predecessor-version":[{"id":2672,"href":"https:\/\/toolkit.imageautism.com\/_fr\/wp-json\/wp\/v2\/pages\/2410\/revisions\/2672"}],"up":[{"embeddable":true,"href":"https:\/\/toolkit.imageautism.com\/_fr\/wp-json\/wp\/v2\/pages\/2433"}],"wp:attachment":[{"href":"https:\/\/toolkit.imageautism.com\/_fr\/wp-json\/wp\/v2\/media?parent=2410"}],"curies":[{"name":"wp","href":"https:\/\/api.w.org\/{rel}","templated":true}]}}