{"id":2055,"date":"2021-10-18T17:23:42","date_gmt":"2021-10-18T17:23:42","guid":{"rendered":"https:\/\/toolkit.imageautism.com\/_fr\/?page_id=2055"},"modified":"2022-02-16T11:35:00","modified_gmt":"2022-02-16T11:35:00","slug":"register","status":"publish","type":"page","link":"https:\/\/toolkit.imageautism.com\/_fr\/login\/register\/","title":{"rendered":"Registre"},"content":{"rendered":"<h3>Veuillez noter que pour parcourir la Bo\u00eete \u00e0 outils, vous n&rsquo;avez pas besoin de vous inscrire. Vous ne devez vous inscrire que si vous souhaitez utiliser les outils G\u00e9n\u00e9rateur de Profil et G\u00e9n\u00e9rateur de mod\u00e8le.<\/h3>\n<p>Lorsque vous vous inscrivez \u00e0 la Bo\u00eete \u00e0 outils de l&#8217;employabilit\u00e9 IMAGE (la Bo\u00eete \u00e0 outils), nous recueillons des informations personnelles pour g\u00e9rer votre compte. En vous inscrivant \u00e0 la Bo\u00eete \u00e0 outils, vous d\u00e9clarez que vous n&rsquo;\u00eates pas mineur (moins de 18 ans). Vous pouvez cl\u00f4turer votre compte \u00e0 tout moment.<\/p>\n<p>Pour plus de d\u00e9tails sur la mani\u00e8re dont la Bo\u00eete \u00e0 outils utilise et stocke vos donn\u00e9es, veuillez lire la <a href=\"https:\/\/toolkit.imageautism.com\/_fr\/privacy-policy\/\">politique de confidentialit\u00e9<\/a>.<\/p>\n<form method=\"post\"  id=\"um_form_register\" class=\"um_user_form personal-details um_generated_form\" onsubmit=\"umInsertUser(this);return false;\" enctype=\"multipart\/form-data\" > <div class=\"um_field_container\"><label id=\"um_field_400_register_label\" class=\"um_label_top\" for=\"um_field_400_register\"><\/label><label><input type=\"checkbox\" value=\"J'ai lu et j'accepte la politique de confidentialit\u00e9\" name=\"consent[]\" id=\"um_field_400_register_1\" class=\"um_field_400 um_input validate[required]\"\/> J'ai lu et j'accepte la politique de confidentialit\u00e9<\/label><\/div><div class=\"um_field_container\"><label id=\"um_field_221_register_label\" class=\"um_label_top\" for=\"um_field_221_register\">Pr\u00e9nom<\/label><input type=\"text\" name=\"first_name\" id=\"um_field_221_register\" class=\"um_field_221 um_input\"\/><\/div><div class=\"um_field_container\"><label id=\"um_field_222_register_label\" class=\"um_label_top\" for=\"um_field_222_register\">Nom de famille<\/label><input type=\"text\" name=\"last_name\" id=\"um_field_222_register\" class=\"um_field_222 um_input\"\/><\/div><div class=\"um_field_container\"><label id=\"um_field_223_register_label\" class=\"um_label_top\" for=\"um_field_223_register\">Courriel<\/label><input type=\"email\" name=\"user_email\" id=\"um_field_223_register\" class=\"um_field_223 um_input validate[required,custom[email]]\"\/><\/div><div class=\"um_field_container\"><label id=\"um_field_225_register_label\" class=\"um_label_top\" for=\"um_field_225_register\">Mot de passe<\/label><input type=\"password\" name=\"user_pass\" id=\"um_field_225_register\" class=\"um_field_225 um_input validate[required]\"\/><\/div><div class=\"um_field_container um_inline\"><label id=\"um_field_308_register_label\" class=\"um_label_inline\" for=\"um_field_308_register\">Nous aimerions savoir ce que vous pensez de cette Bo\u00eete \u00e0 outils, afin de pouvoir l'am\u00e9liorer encore. Veuillez indiquer si vous \u00eates pr\u00eat\u00b7e \u00e0 participer \u00e0 une enqu\u00eate en ligne.<\/label><label><input type=\"checkbox\" value=\"Je souhaite donner mon avis\" name=\"feedback[]\" id=\"um_field_308_register_1\" class=\"um_field_308 um_input\"\/> Je souhaite donner mon avis<\/label><\/div><div class=\"um_field_container\"><label id=\"um_field_398_register_label\" class=\"um_label_top\" for=\"um_field_398_register\"><\/label><div class=\"um_recaptcha\" data-theme=\"light\" data-type=\"image\"><\/div><\/div><div class=\"um_clear\"><\/div><input type=\"hidden\" name=\"form_key\" value=\"Register\"\/><input type=\"hidden\" name=\"action_type\" value=\"registration\"\/><input type=\"hidden\" name=\"user_id\"\/><input type=\"hidden\" name=\"pf_nonce\" value=\"a22b1f9731\" \/><input type=\"hidden\" name=\"_wp_http_referer\" value=\"\/_fr\/wp-json\/wp\/v2\/pages\/2055\" \/><input type=\"hidden\" name=\"method_name\" value=\"InsertUser\" \/><input type=\"hidden\" name=\"um_post_method_nonce\" value=\"d08495eb3e\" \/><input type=\"submit\" name=\"um_submit_button\" value=\"S&#039;inscrire\" id=\"insert_user\" class=\"btn full-article\"\/><\/form>\n","protected":false},"excerpt":{"rendered":"<p>Veuillez noter que pour parcourir la Bo\u00eete \u00e0 outils, vous n&rsquo;avez pas besoin de vous inscrire. Vous ne devez vous inscrire que si vous souhaitez utiliser les outils G\u00e9n\u00e9rateur de Profil et G\u00e9n\u00e9rateur de mod\u00e8le. Lorsque vous vous inscrivez \u00e0 la Bo\u00eete \u00e0 outils de l&#8217;employabilit\u00e9 IMAGE (la Bo\u00eete \u00e0 outils),<\/p>\n","protected":false},"author":90,"featured_media":0,"parent":2058,"menu_order":10,"comment_status":"closed","ping_status":"closed","template":"template-login.php","meta":{"_acf_changed":false,"footnotes":""},"class_list":["post-2055","page","type-page","status-publish","hentry"],"acf":[],"_links":{"self":[{"href":"https:\/\/toolkit.imageautism.com\/_fr\/wp-json\/wp\/v2\/pages\/2055","targetHints":{"allow":["GET"]}}],"collection":[{"href":"https:\/\/toolkit.imageautism.com\/_fr\/wp-json\/wp\/v2\/pages"}],"about":[{"href":"https:\/\/toolkit.imageautism.com\/_fr\/wp-json\/wp\/v2\/types\/page"}],"author":[{"embeddable":true,"href":"https:\/\/toolkit.imageautism.com\/_fr\/wp-json\/wp\/v2\/users\/90"}],"replies":[{"embeddable":true,"href":"https:\/\/toolkit.imageautism.com\/_fr\/wp-json\/wp\/v2\/comments?post=2055"}],"version-history":[{"count":2,"href":"https:\/\/toolkit.imageautism.com\/_fr\/wp-json\/wp\/v2\/pages\/2055\/revisions"}],"predecessor-version":[{"id":2673,"href":"https:\/\/toolkit.imageautism.com\/_fr\/wp-json\/wp\/v2\/pages\/2055\/revisions\/2673"}],"up":[{"embeddable":true,"href":"https:\/\/toolkit.imageautism.com\/_fr\/wp-json\/wp\/v2\/pages\/2058"}],"wp:attachment":[{"href":"https:\/\/toolkit.imageautism.com\/_fr\/wp-json\/wp\/v2\/media?parent=2055"}],"curies":[{"name":"wp","href":"https:\/\/api.w.org\/{rel}","templated":true}]}}