{"id":2577,"date":"2022-02-04T09:55:58","date_gmt":"2022-02-04T09:55:58","guid":{"rendered":"https:\/\/toolkit.imageautism.com\/_fi\/?page_id=2577"},"modified":"2022-02-16T11:49:56","modified_gmt":"2022-02-16T11:49:56","slug":"disclaimer","status":"publish","type":"page","link":"https:\/\/toolkit.imageautism.com\/_fi\/privacy-policy\/disclaimer\/","title":{"rendered":"Vastuuvapauslauseke"},"content":{"rendered":"<p>IMAGE-hanketta rahoittaa Euroopan unionin Erasmus+-ohjelma (2018-1-UK01-KA203-048276). T\u00e4ss\u00e4 ty\u00f6kalupakissa oleva materiaali on tarkoitettu vain yleisiin tarkoituksiin, eik\u00e4 sit\u00e4 v\u00e4ltt\u00e4m\u00e4tt\u00e4 voida soveltaa kaikissa tilanteissa. Kirjoittajat eiv\u00e4t ota vastuuta mist\u00e4\u00e4n henkil\u00f6lle tai yritykselle aiheutuneista vahingoista, jotka johtuvat t\u00e4m\u00e4n ty\u00f6kalupakin sis\u00e4lt\u00e4m\u00e4n materiaalin k\u00e4yt\u00f6st\u00e4.<\/p>\n<p>IMAGE-ty\u00f6llistett\u00e4vyyden ty\u00f6kalupaketin on luonut Leeds Beckettin yliopiston <a href=\"https:\/\/www.leedsbeckett.ac.uk\/research\/larc\/collaborations\/autism-research-lab\/\" target=\"_blank\" rel=\"noopener\">Autism Research Lab<\/a>.<\/p>\n<p>Aineisto on lisensoitu <a href=\"http:\/\/creativecommons.org\/licenses\/by\/4.0\/\" target=\"_blank\" rel=\"noopener\">Creative Commons Attribution 4.0 -lisenssill\u00e4<\/a>.<\/p>\n<p><img loading=\"lazy\" decoding=\"async\" class=\"alignnone wp-image-2374\" src=\"https:\/\/toolkit.imageautism.com\/_fi\/wp-content\/uploads\/2021\/12\/ErasmusPlus-right-1024x297.png\" alt=\"\" width=\"286\" height=\"83\" srcset=\"https:\/\/toolkit.imageautism.com\/_fi\/wp-content\/uploads\/2021\/12\/ErasmusPlus-right-1024x297.png 1024w, https:\/\/toolkit.imageautism.com\/_fi\/wp-content\/uploads\/2021\/12\/ErasmusPlus-right-300x87.png 300w, https:\/\/toolkit.imageautism.com\/_fi\/wp-content\/uploads\/2021\/12\/ErasmusPlus-right-768x222.png 768w, https:\/\/toolkit.imageautism.com\/_fi\/wp-content\/uploads\/2021\/12\/ErasmusPlus-right-1536x445.png 1536w, https:\/\/toolkit.imageautism.com\/_fi\/wp-content\/uploads\/2021\/12\/ErasmusPlus-right-2048x593.png 2048w\" sizes=\"auto, (max-width: 286px) 100vw, 286px\" \/>\u00a0 \u00a0<img loading=\"lazy\" decoding=\"async\" class=\"alignnone wp-image-2579\" src=\"https:\/\/toolkit.imageautism.com\/_fi\/wp-content\/uploads\/2022\/02\/2018_LBU01_blackpng-1024x430.png\" alt=\"\" width=\"307\" height=\"129\" srcset=\"https:\/\/toolkit.imageautism.com\/_fi\/wp-content\/uploads\/2022\/02\/2018_LBU01_blackpng-1024x430.png 1024w, https:\/\/toolkit.imageautism.com\/_fi\/wp-content\/uploads\/2022\/02\/2018_LBU01_blackpng-300x126.png 300w, https:\/\/toolkit.imageautism.com\/_fi\/wp-content\/uploads\/2022\/02\/2018_LBU01_blackpng-768x322.png 768w, https:\/\/toolkit.imageautism.com\/_fi\/wp-content\/uploads\/2022\/02\/2018_LBU01_blackpng.png 1427w\" sizes=\"auto, (max-width: 307px) 100vw, 307px\" \/><\/p>\n","protected":false},"excerpt":{"rendered":"<p>IMAGE-hanketta rahoittaa Euroopan unionin Erasmus+-ohjelma (2018-1-UK01-KA203-048276). T\u00e4ss\u00e4 ty\u00f6kalupakissa oleva materiaali on tarkoitettu vain yleisiin tarkoituksiin, eik\u00e4 sit\u00e4 v\u00e4ltt\u00e4m\u00e4tt\u00e4 voida soveltaa kaikissa tilanteissa. Kirjoittajat eiv\u00e4t ota vastuuta mist\u00e4\u00e4n henkil\u00f6lle tai yritykselle aiheutuneista vahingoista, jotka johtuvat t\u00e4m\u00e4n ty\u00f6kalupakin sis\u00e4lt\u00e4m\u00e4n materiaalin k\u00e4yt\u00f6st\u00e4. IMAGE-ty\u00f6llistett\u00e4vyyden ty\u00f6kalupaketin on luonut Leeds Beckettin yliopiston Autism Research Lab. Aineisto on<\/p>\n","protected":false},"author":90,"featured_media":0,"parent":2433,"menu_order":10,"comment_status":"closed","ping_status":"closed","template":"","meta":{"_acf_changed":false,"footnotes":""},"class_list":["post-2577","page","type-page","status-publish","hentry"],"acf":[],"_links":{"self":[{"href":"https:\/\/toolkit.imageautism.com\/_fi\/wp-json\/wp\/v2\/pages\/2577","targetHints":{"allow":["GET"]}}],"collection":[{"href":"https:\/\/toolkit.imageautism.com\/_fi\/wp-json\/wp\/v2\/pages"}],"about":[{"href":"https:\/\/toolkit.imageautism.com\/_fi\/wp-json\/wp\/v2\/types\/page"}],"author":[{"embeddable":true,"href":"https:\/\/toolkit.imageautism.com\/_fi\/wp-json\/wp\/v2\/users\/90"}],"replies":[{"embeddable":true,"href":"https:\/\/toolkit.imageautism.com\/_fi\/wp-json\/wp\/v2\/comments?post=2577"}],"version-history":[{"count":2,"href":"https:\/\/toolkit.imageautism.com\/_fi\/wp-json\/wp\/v2\/pages\/2577\/revisions"}],"predecessor-version":[{"id":2628,"href":"https:\/\/toolkit.imageautism.com\/_fi\/wp-json\/wp\/v2\/pages\/2577\/revisions\/2628"}],"up":[{"embeddable":true,"href":"https:\/\/toolkit.imageautism.com\/_fi\/wp-json\/wp\/v2\/pages\/2433"}],"wp:attachment":[{"href":"https:\/\/toolkit.imageautism.com\/_fi\/wp-json\/wp\/v2\/media?parent=2577"}],"curies":[{"name":"wp","href":"https:\/\/api.w.org\/{rel}","templated":true}]}}