{"id":2058,"date":"2021-10-18T17:30:10","date_gmt":"2021-10-18T17:30:10","guid":{"rendered":"https:\/\/toolkit.imageautism.com\/_fi\/?page_id=2058"},"modified":"2022-02-08T17:11:56","modified_gmt":"2022-02-08T17:11:56","slug":"login","status":"publish","type":"page","link":"https:\/\/toolkit.imageautism.com\/_fi\/login\/","title":{"rendered":"Kirjaudu"},"content":{"rendered":"<p>Kirjaudu sis\u00e4\u00e4n k\u00e4ytt\u00e4\u00e4ksesi profiilinrakennusty\u00f6kaluja, ja kirjeiden, s\u00e4hk\u00f6postien ja urasuunnittelun mallipohjia.<\/p>\n<form method=\"post\"  id=\"um_form_login\" class=\"personal-details um_generated_form\" onsubmit=\"umLogin(this);return false;\" enctype=\"multipart\/form-data\" > <div class=\"um_field_container\"><label id=\"um_field_390_login_label\" class=\"um_label_top\" for=\"um_field_390_login\">S\u00e4hk\u00f6posti<\/label><input type=\"email\" name=\"user_email\" id=\"um_field_390_login\" class=\"um_field_390 um_input validate[required,custom[email]]\"\/><\/div><div class=\"um_field_container\"><label id=\"um_field_391_login_label\" class=\"um_label_top\" for=\"um_field_391_login\">Salasana<\/label><input type=\"password\" name=\"user_pass\" id=\"um_field_391_login\" class=\"um_field_391 um_input\"\/><\/div><div class=\"um_field_container\"><label id=\"um_field_395_login_label\" class=\"um_label_top\" for=\"um_field_395_login\"><\/label><div class=\"um_recaptcha\" data-theme=\"light\" data-type=\"image\"><\/div><\/div><div class=\"um_clear\"><\/div><input type=\"hidden\" name=\"form_key\" value=\"Login\"\/><input type=\"hidden\" name=\"action_type\" value=\"login\"\/><input type=\"hidden\" name=\"user_id\"\/><input type=\"hidden\" name=\"pf_nonce\" value=\"9c5bc5a226\" \/><input type=\"hidden\" name=\"_wp_http_referer\" value=\"\/_fi\/wp-json\/wp\/v2\/pages\/2058\" \/><input type=\"hidden\" name=\"method_name\" value=\"Login\" \/><input type=\"hidden\" name=\"um_post_method_nonce\" value=\"ecadffb2a3\" \/><input type=\"submit\" name=\"um_submit_button\" value=\"Login\" id=\"insert_user\" class=\"btn full-article\"\/><\/form><a href=\"javascript:void(0);\" class=\"lostpassword_link27 \">Unohditko salasanasi?<\/a><form id=\"um_lostpass_form27\" class=\"um_lostpass_form \" method=\"post\"  ><div class=\"lostpassword_form_div27\" style=\"display:none;\" ><p>Anna s\u00e4hk\u00f6postiosoitteesi. Saat s\u00e4hk\u00f6postiisi linkin salasanan vaihtoon. <\/p><p><label  class=\"pf_label\" for=\"user_login27\">S\u00e4hk\u00f6posti<\/label> <input type=\"text\" name=\"user_login\" id=\"user_login27\" class=\"um_lostpass_field um_input\"  \/><\/p><input type=\"hidden\" name=\"pf_nonce\" value=\"9c5bc5a226\" \/><input type=\"hidden\" name=\"_wp_http_referer\" value=\"\/_fi\/wp-json\/wp\/v2\/pages\/2058\" \/><input type=\"hidden\" name=\"method_name\" value=\"Lostpassword\" \/><input type=\"hidden\" name=\"um_post_method_nonce\" value=\"da78b6933c\" \/><p><input type=\"submit\" name=\"wp-submit\" value=\"Hanki uusi salasana\" id=\"um_lostpass_button27\" class=\"um_lostpass_button\"  \/><\/p><\/div><\/form><p >Eik\u00f6 sinulla ole tili\u00e4? <a href=\"https:\/\/toolkit.imageautism.com\/_fi\/login\/register\/\">Rekister\u00f6idy nyt<\/a><\/p>\n","protected":false},"excerpt":{"rendered":"<p>Kirjaudu sis\u00e4\u00e4n k\u00e4ytt\u00e4\u00e4ksesi profiilinrakennusty\u00f6kaluja, ja kirjeiden, s\u00e4hk\u00f6postien ja urasuunnittelun mallipohjia.<\/p>\n","protected":false},"author":90,"featured_media":0,"parent":0,"menu_order":10,"comment_status":"closed","ping_status":"closed","template":"template-login.php","meta":{"_acf_changed":false,"footnotes":""},"class_list":["post-2058","page","type-page","status-publish","hentry"],"acf":[],"_links":{"self":[{"href":"https:\/\/toolkit.imageautism.com\/_fi\/wp-json\/wp\/v2\/pages\/2058","targetHints":{"allow":["GET"]}}],"collection":[{"href":"https:\/\/toolkit.imageautism.com\/_fi\/wp-json\/wp\/v2\/pages"}],"about":[{"href":"https:\/\/toolkit.imageautism.com\/_fi\/wp-json\/wp\/v2\/types\/page"}],"author":[{"embeddable":true,"href":"https:\/\/toolkit.imageautism.com\/_fi\/wp-json\/wp\/v2\/users\/90"}],"replies":[{"embeddable":true,"href":"https:\/\/toolkit.imageautism.com\/_fi\/wp-json\/wp\/v2\/comments?post=2058"}],"version-history":[{"count":2,"href":"https:\/\/toolkit.imageautism.com\/_fi\/wp-json\/wp\/v2\/pages\/2058\/revisions"}],"predecessor-version":[{"id":2633,"href":"https:\/\/toolkit.imageautism.com\/_fi\/wp-json\/wp\/v2\/pages\/2058\/revisions\/2633"}],"wp:attachment":[{"href":"https:\/\/toolkit.imageautism.com\/_fi\/wp-json\/wp\/v2\/media?parent=2058"}],"curies":[{"name":"wp","href":"https:\/\/api.w.org\/{rel}","templated":true}]}}