{"id":2055,"date":"2021-10-18T17:23:42","date_gmt":"2021-10-18T17:23:42","guid":{"rendered":"https:\/\/toolkit.imageautism.com\/_fi\/?page_id=2055"},"modified":"2022-02-16T11:38:54","modified_gmt":"2022-02-16T11:38:54","slug":"register","status":"publish","type":"page","link":"https:\/\/toolkit.imageautism.com\/_fi\/login\/register\/","title":{"rendered":"Rekister\u00f6ityminen"},"content":{"rendered":"<h3>Huomaa, ett\u00e4 ty\u00f6kalupaketin selaaminen ei edellyt\u00e4 rekister\u00f6itymist\u00e4. Sinun on rekister\u00f6idytt\u00e4v\u00e4 vain, jos haluat k\u00e4ytt\u00e4\u00e4 Profile Builder- ja Template Builder -ty\u00f6kaluja.<\/h3>\n<p>Kun rekister\u00f6idyt IMAGE Employability Toolkit -ty\u00f6kalupakettiin (j\u00e4ljemp\u00e4n\u00e4 &#8221;ty\u00f6kalupakki&#8221;), ker\u00e4\u00e4mme henkil\u00f6kohtaisia tietoja tilisi hallinnoimiseksi. Rekister\u00f6itym\u00e4ll\u00e4 ty\u00f6kalupakkiin ilmoitat, ett\u00e4 et ole alaik\u00e4inen (alle 18-vuotias). Voit sulkea tilisi milloin tahansa.<\/p>\n<p><a href=\"https:\/\/toolkit.imageautism.com\/_fi\/privacy-policy\/\">Yksityisyysk\u00e4yt\u00e4nn\u00f6st\u00e4<\/a> saat lis\u00e4tietoja miten ty\u00f6kalupakki k\u00e4ytt\u00e4\u00e4 ja tallentaa tietojasi.<\/p>\n<form method=\"post\"  id=\"um_form_register\" class=\"um_user_form personal-details um_generated_form\" onsubmit=\"umInsertUser(this);return false;\" enctype=\"multipart\/form-data\" > <div class=\"um_field_container\"><label id=\"um_field_400_register_label\" class=\"um_label_top\" for=\"um_field_400_register\"><\/label><label><input type=\"checkbox\" value=\"Olen lukenut ja hyv\u00e4ksyn tietosuojak\u00e4yt\u00e4nn\u00f6n.\" name=\"consent[]\" id=\"um_field_400_register_1\" class=\"um_field_400 um_input validate[required]\"\/> Olen lukenut ja hyv\u00e4ksyn tietosuojak\u00e4yt\u00e4nn\u00f6n.<\/label><\/div><div class=\"um_field_container\"><label id=\"um_field_221_register_label\" class=\"um_label_top\" for=\"um_field_221_register\">Etunimi<\/label><input type=\"text\" name=\"first_name\" id=\"um_field_221_register\" class=\"um_field_221 um_input\"\/><\/div><div class=\"um_field_container\"><label id=\"um_field_222_register_label\" class=\"um_label_top\" for=\"um_field_222_register\">Sukunimi<\/label><input type=\"text\" name=\"last_name\" id=\"um_field_222_register\" class=\"um_field_222 um_input\"\/><\/div><div class=\"um_field_container\"><label id=\"um_field_223_register_label\" class=\"um_label_top\" for=\"um_field_223_register\">S\u00e4hk\u00f6posti<\/label><input type=\"email\" name=\"user_email\" id=\"um_field_223_register\" class=\"um_field_223 um_input validate[required,custom[email]]\"\/><\/div><div class=\"um_field_container\"><label id=\"um_field_225_register_label\" class=\"um_label_top\" for=\"um_field_225_register\">Salasana<\/label><input type=\"password\" name=\"user_pass\" id=\"um_field_225_register\" class=\"um_field_225 um_input validate[required]\"\/><\/div><div class=\"um_field_container um_inline\"><label id=\"um_field_308_register_label\" class=\"um_label_inline\" for=\"um_field_308_register\">Haluaisimme tiet\u00e4\u00e4, mit\u00e4 mielt\u00e4 olet t\u00e4st\u00e4 ty\u00f6kalupakista, jotta voimme parantaa sit\u00e4 edelleen. Ilmoittakaa, haluatteko osallistua verkkokyselyyn.<\/label><label><input type=\"checkbox\" value=\"Annan mielell\u00e4ni palautetta\" name=\"feedback[]\" id=\"um_field_308_register_1\" class=\"um_field_308 um_input\"\/> Annan mielell\u00e4ni palautetta<\/label><\/div><div class=\"um_field_container\"><label id=\"um_field_398_register_label\" class=\"um_label_top\" for=\"um_field_398_register\"><\/label><div class=\"um_recaptcha\" data-theme=\"light\" data-type=\"image\"><\/div><\/div><div class=\"um_clear\"><\/div><input type=\"hidden\" name=\"form_key\" value=\"Register\"\/><input type=\"hidden\" name=\"action_type\" value=\"registration\"\/><input type=\"hidden\" name=\"user_id\"\/><input type=\"hidden\" name=\"pf_nonce\" value=\"5b41b7dcfc\" \/><input type=\"hidden\" name=\"_wp_http_referer\" value=\"\/_fi\/wp-json\/wp\/v2\/pages\/2055\" \/><input type=\"hidden\" name=\"method_name\" value=\"InsertUser\" \/><input type=\"hidden\" name=\"um_post_method_nonce\" value=\"57e2e82e35\" \/><input type=\"submit\" name=\"um_submit_button\" value=\"Register\" id=\"insert_user\" class=\"btn full-article\"\/><\/form>\n","protected":false},"excerpt":{"rendered":"<p>Huomaa, ett\u00e4 ty\u00f6kalupaketin selaaminen ei edellyt\u00e4 rekister\u00f6itymist\u00e4. Sinun on rekister\u00f6idytt\u00e4v\u00e4 vain, jos haluat k\u00e4ytt\u00e4\u00e4 Profile Builder- ja Template Builder -ty\u00f6kaluja. Kun rekister\u00f6idyt IMAGE Employability Toolkit -ty\u00f6kalupakettiin (j\u00e4ljemp\u00e4n\u00e4 &#8221;ty\u00f6kalupakki&#8221;), ker\u00e4\u00e4mme henkil\u00f6kohtaisia tietoja tilisi hallinnoimiseksi. Rekister\u00f6itym\u00e4ll\u00e4 ty\u00f6kalupakkiin ilmoitat, ett\u00e4 et ole alaik\u00e4inen (alle 18-vuotias). Voit sulkea tilisi milloin tahansa. Yksityisyysk\u00e4yt\u00e4nn\u00f6st\u00e4 saat lis\u00e4tietoja miten<\/p>\n","protected":false},"author":90,"featured_media":0,"parent":2058,"menu_order":10,"comment_status":"closed","ping_status":"closed","template":"template-login.php","meta":{"_acf_changed":false,"footnotes":""},"class_list":["post-2055","page","type-page","status-publish","hentry"],"acf":[],"_links":{"self":[{"href":"https:\/\/toolkit.imageautism.com\/_fi\/wp-json\/wp\/v2\/pages\/2055","targetHints":{"allow":["GET"]}}],"collection":[{"href":"https:\/\/toolkit.imageautism.com\/_fi\/wp-json\/wp\/v2\/pages"}],"about":[{"href":"https:\/\/toolkit.imageautism.com\/_fi\/wp-json\/wp\/v2\/types\/page"}],"author":[{"embeddable":true,"href":"https:\/\/toolkit.imageautism.com\/_fi\/wp-json\/wp\/v2\/users\/90"}],"replies":[{"embeddable":true,"href":"https:\/\/toolkit.imageautism.com\/_fi\/wp-json\/wp\/v2\/comments?post=2055"}],"version-history":[{"count":2,"href":"https:\/\/toolkit.imageautism.com\/_fi\/wp-json\/wp\/v2\/pages\/2055\/revisions"}],"predecessor-version":[{"id":2626,"href":"https:\/\/toolkit.imageautism.com\/_fi\/wp-json\/wp\/v2\/pages\/2055\/revisions\/2626"}],"up":[{"embeddable":true,"href":"https:\/\/toolkit.imageautism.com\/_fi\/wp-json\/wp\/v2\/pages\/2058"}],"wp:attachment":[{"href":"https:\/\/toolkit.imageautism.com\/_fi\/wp-json\/wp\/v2\/media?parent=2055"}],"curies":[{"name":"wp","href":"https:\/\/api.w.org\/{rel}","templated":true}]}}