{"id":2433,"date":"2022-01-04T15:50:52","date_gmt":"2022-01-04T15:50:52","guid":{"rendered":"https:\/\/toolkit.imageautism.com\/_de\/?page_id=2433"},"modified":"2022-02-14T11:20:08","modified_gmt":"2022-02-14T11:20:08","slug":"privacy-policy","status":"publish","type":"page","link":"https:\/\/toolkit.imageautism.com\/_de\/privacy-policy\/","title":{"rendered":"Datenschutzrichtlinie"},"content":{"rendered":"<p>Diese Datenschutzrichtlinie bezieht sich auf die Informationen und Dienstleistungen im Zusammenhang mit dem IMAGE-Toolkit unter toolkit.imageautism.com (das &#8222;Toolkit&#8220;), das von der Leeds Beckett University, UK (LBU, &#8222;uns&#8220;, &#8222;wir&#8220; oder &#8222;unser&#8220;) als Projektleitung des von der EU finanzierten IMAGE-Projekts bereitgestellt wird.<\/p>\n<p>Zweck dieser Erkl\u00e4rung ist es, die Nutzer des Toolkits dar\u00fcber zu informieren, welche Informationen \u00fcber sie gesammelt werden wenn sie diese Webseite besuchen, wie diese Informationen verwendet werden, ob sie an Dritte weitergegeben werden und wie die Privatsph\u00e4re der Nutzer gesch\u00fctzt wird. Bitte benutzen Sie das Toolkit nicht, wenn Sie mit dieser Erkl\u00e4rung nicht einverstanden sind.<\/p>\n<h2><strong>Informationen, die wir sammeln<\/strong><\/h2>\n<p>Wir sammeln und verarbeiten Ihre personenbezogenen Daten mit Ihrer Zustimmung. Das bedeutet, dass wir Ihre personenbezogenen Daten nur dann verarbeiten d\u00fcrfen, wenn Sie eingewilligt haben. Als Person, deren personenbezogene Daten (Name und E-Mail-Adresse) wir verarbeiten, haben Sie au\u00dferdem das Recht, Ihre Einwilligung jederzeit zu widerrufen.<\/p>\n<p>Wir sammeln Informationen \u00fcber die Nutzung der Website von allen Besuchern. Dies sind Informationen, die Ihr Browser sendet, wenn Sie das Toolkit besuchen. Dazu geh\u00f6ren Informationen wie die Internetprotokoll-Adresse (&#8222;IP&#8220;) Ihres Computers, der Browsertyp, die Browserversion, die von Ihnen besuchten Seiten des Toolkits, die Uhrzeit und das Datum Ihres Besuchs, die auf diesen Seiten verbrachte Zeit und andere Statistiken. Dar\u00fcber hinaus k\u00f6nnen wir Dienste von Drittanbietern wie Google Analytics nutzen, die diese Daten sammeln, \u00fcberwachen und analysieren.<\/p>\n<p>Von registrierten Nutzern erheben wir auch pers\u00f6nliche Daten wie Ihren Namen, Ihre E-Mail-Adresse, Ihre Pr\u00e4ferenzen und Bed\u00fcrfnisse in Bezug auf Besch\u00e4ftigungsf\u00e4higkeit und Karriereziele. Mit der Registrierung f\u00fcr das Toolkit erkl\u00e4ren Sie, dass Sie nicht minderj\u00e4hrig sind (nicht unter 18 Jahren).<\/p>\n<h2><strong>Wie wir diese Informationen verwenden<\/strong><\/h2>\n<p>Wenn Sie der Nutzung des Toolkits zugestimmt haben und das Toolkit weiter durchsuchen und\/oder uns Ihre pers\u00f6nlichen Daten zur Verf\u00fcgung stellen, k\u00f6nnen wir Ihre Daten verwenden, um:<\/p>\n<ul>\n<li>den Betrieb und die Sicherheit des Toolkits aufrechtzuerhalten und f\u00fcr unsere internen Analyse- und Berichtszwecke;<\/li>\n<li>die Einrichtung eines Kontos und den Anmeldevorgang zu erleichtern, Ihr Konto zu verwalten und Ihnen administrative E-Mails zu senden;<\/li>\n<li>Ihnen Dienstleistungen zur Verf\u00fcgung stellen, die Ihre Besch\u00e4ftigungsf\u00e4higkeit verbessern;<\/li>\n<li>Sie um ein Feedback zu unseren Dienstleistungen bitten.<\/li>\n<\/ul>\n<h2><strong>Vertraulichkeit und Sicherheit<\/strong><\/h2>\n<p>Das LBU nimmt Ihre Privatsph\u00e4re ernst. Als Data Controller sind wir f\u00fcr den Umgang mit Ihren pers\u00f6nlichen Daten verantwortlich. Alle von uns erfassten Daten werden sicher und in \u00dcbereinstimmung mit der britischen Datenschutzgrundverordnung (&#8222;GDPR&#8220;) und dem britischen Datenschutzgesetz 2018 (&#8222;DPA&#8220;) sowie allen Nachfolgegesetzen zur GDPR und zum DPA gespeichert.<\/p>\n<p>Ihre pers\u00f6nlichen Daten werden normalerweise nicht an Dritte weitergegeben. Unter bestimmten Umst\u00e4nden kann es jedoch erforderlich sein, dass wir Ihre personenbezogenen Daten an Dritte weitergeben, damit:<\/p>\n<ul>\n<li>wir oder sie eine von Ihnen gew\u00fcnschte Dienstleistung erbringen k\u00f6nnen;<\/li>\n<li>k\u00f6nnen wir ein Informationsersuchen erf\u00fcllen.<\/li>\n<\/ul>\n<p>Alle Informationen \u00fcber Sie, die wir an Dritte weitergeben, werden von dieser Partei sicher und in \u00dcbereinstimmung mit dem britischen GDPR und DPA aufbewahrt und nur zur Bereitstellung der angeforderten Dienstleistungen oder Informationen verwendet.<\/p>\n<h2><strong>Wo wir Ihre Informationen speichern<\/strong><\/h2>\n<p>Ihre personenbezogenen Daten werden in erster Linie in einem Datenzentrum im Vereinigten K\u00f6nigreich gespeichert. Um Informationen \u00fcber die Nutzung der Website zu analysieren, k\u00f6nnen anonymisierte Daten, die wir von Ihnen sammeln, an einen anderen Ort im Europ\u00e4ischen Wirtschaftsraum (EWR) \u00fcbertragen und dort gespeichert werden.<\/p>\n<p>Indem Sie Ihre personenbezogenen Daten \u00fcbermitteln oder bestimmte Cookies akzeptieren, stimmen Sie dieser \u00dcbertragung, Speicherung oder Verarbeitung zu. LBU wird die notwendigen Ma\u00dfnahmen ergreifen, um sicherzustellen, dass Ihre Daten sicher und in \u00dcbereinstimmung mit dieser Datenschutzerkl\u00e4rung behandelt werden.<\/p>\n<p>Sie sollten sich bewusst sein, dass die \u00dcbertragung von Informationen \u00fcber das Internet nicht v\u00f6llig sicher ist. Obwohl wir unser Bestes tun, um Ihre pers\u00f6nlichen Daten zu sch\u00fctzen, k\u00f6nnen wir die Sicherheit der an unsere Website \u00fcbermittelten Daten nicht garantieren; jede \u00dcbermittlung erfolgt auf Ihr eigenes Risiko.<\/p>\n<h2><strong>Wie lange bewahren wir Ihre Daten auf?<\/strong><\/h2>\n<p>Wir bewahren Ihre Daten so lange auf, wie es f\u00fcr die Erf\u00fcllung der in dieser Datenschutzerkl\u00e4rung dargelegten Zwecke erforderlich ist, es sei denn, dies ist gesetzlich vorgeschrieben. N\u00e4here Informationen dar\u00fcber, wie lange Cookies gespeichert werden, finden Sie in unserer <a href=\"https:\/\/toolkit.imageautism.com\/_de\/cookie-policy\/\">Cookie-Richtlinie<\/a>.<\/p>\n<p>Registrierte Nutzer k\u00f6nnen ihr Konto jederzeit l\u00f6schen. Die L\u00f6schung eines Kontos verhindert den weiteren Zugang zum Toolkit, entfernt aber m\u00f6glicherweise nicht sofort alle mit diesem Konto verbundenen personenbezogenen Daten (z. B. weil Ihre personenbezogenen Daten in Sicherungsarchiven gespeichert wurden).<\/p>\n<p>Wenn wir keine weitere legitime gesch\u00e4ftliche Notwendigkeit haben, Ihre personenbezogenen Daten zu verarbeiten, werden wir diese Daten entweder l\u00f6schen oder anonymisieren, oder, falls dies nicht m\u00f6glich ist (z. B. weil Ihre personenbezogenen Daten in Backup-Archiven gespeichert wurden), werden wir Ihre personenbezogenen Daten sicher aufbewahren und von jeder weiteren Verarbeitung isolieren, bis eine L\u00f6schung m\u00f6glich ist.<\/p>\n<h2><strong>Cookies<\/strong><\/h2>\n<p>Cookies sind Daten, die beim Besuch einer Website erstellt und im Cookie-Verzeichnis auf Ihrer Festplatte gespeichert werden. Weitere Informationen \u00fcber unsere Verwendung von Cookies finden Sie in unserer <a href=\"https:\/\/toolkit.imageautism.com\/_de\/cookie-policy\/\">Cookie-Richtlinie<\/a>.<\/p>\n<h2><strong>Verlinkung zu anderen Websites<\/strong><\/h2>\n<p>Das Toolkit enth\u00e4lt Links zu anderen Websites. Dabei handelt es sich um Dritte mit Informationen, die f\u00fcr Sie von Interesse und Relevanz sein k\u00f6nnten. Das LBU ist nicht verantwortlich f\u00fcr die Datenschutzpraktiken der Organisationen, die diese anderen Websites betreiben. Sie sollten sich dessen bewusst sein, wenn Sie das Toolkit verlassen und, falls Sie Bedenken haben, die Datenschutzerkl\u00e4rungen auf den anderen Websites, die Sie besuchen, lesen.<\/p>\n<h2><strong>Werbung<\/strong><\/h2>\n<p>Wir verwenden keine Werbung von Dritten auf dieser Website. Wir k\u00f6nnen andere Forschungs-Websites oder Toolkits empfehlen, weil wir der Meinung sind, dass sie f\u00fcr Sie von Nutzen sind. Wir tun dies, ohne eine Zahlung oder andere Vorteile zu erhalten.<\/p>\n<h2><strong>\u00c4nderungen der Datenschutzrichtlinie<\/strong><\/h2>\n<p>Sollte sich diese Datenschutzrichtlinie in irgendeiner Weise \u00e4ndern, werden wir eine aktualisierte Version auf dieser Seite ver\u00f6ffentlichen, damit Sie stets wissen, welche Informationen wir sammeln, wie wir sie verwenden und unter welchen Umst\u00e4nden wir sie gegebenenfalls an Dritte weitergeben.<\/p>\n<h2><strong>Ihre Rechte<\/strong><\/h2>\n<p>Sie haben bestimmte Rechte in Bezug auf Ihre personenbezogenen Daten, die wir verarbeiten, wie folgt:<\/p>\n<p>Als registrierter Nutzer k\u00f6nnen Sie Ihre pers\u00f6nlichen Daten auf der Seite &#8222;Pers\u00f6nliche Daten&#8220; verwalten:<\/p>\n<ol>\n<li>Zugang zu Ihren personenbezogenen Daten, die wir verarbeiten;<\/li>\n<li>Ungenauigkeiten in den personenbezogenen Daten, die wir \u00fcber Sie gespeichert haben, zu berichtigen, wenn diese ungenau oder unvollst\u00e4ndig sind;<\/li>\n<li>die L\u00f6schung Ihrer personenbezogenen Daten (L\u00f6schung Ihres Kontos) zu verlangen, wenn es keinen zwingenden Grund f\u00fcr deren weitere Verarbeitung gibt;<\/li>\n<li>die Verarbeitung Ihrer personenbezogenen Daten auf bestimmte Weise einzuschr\u00e4nken;<\/li>\n<li>Ihre pers\u00f6nlichen Daten zur Wiederverwendung zu erhalten;<\/li>\n<\/ol>\n<p>Wenn Sie Ihren Wohnsitz im EWR oder im Vereinigten K\u00f6nigreich haben und der Meinung sind, dass wir Ihre personenbezogenen Daten unrechtm\u00e4\u00dfig verarbeiten, haben Sie auch das Recht, sich bei Ihrer \u00f6rtlichen Datenschutzaufsichtsbeh\u00f6rde zu beschweren. Deren Kontaktdaten finden Sie hier: <a href=\"https:\/\/ec.europa.eu\/justice\/data-protection\/bodies\/authorities\/index_en.htm\" target=\"_blank\" rel=\"noopener\">https:\/\/ec.europa.eu\/justice\/data-protection\/bodies\/authorities\/index_en.htm<\/a>. Die Kontaktperson f\u00fcr das Vereinigte K\u00f6nigreich ist das Information Commissioner&#8217;s Office <a href=\"https:\/\/ico.org.uk\/\">(<\/a><a href=\"https:\/\/ico.org.uk\/\" target=\"_blank\" rel=\"noopener\">https:\/\/ico.org.uk\/<\/a>).<\/p>\n<p>F\u00fcr weitere Informationen oder wenn Sie sich mit uns in Bezug auf diese Mitteilung in Verbindung setzen m\u00f6chten, schreiben Sie bitte (unter Angabe Ihres Interesses an der Website toolkit.imageautism.com) an:<\/p>\n<p>Data Protection Officer<br \/>\nLeeds Beckett University<br \/>\nCalverley Street<br \/>\nLeeds LS1 3HE<br \/>\nUnited Kingdom<\/p>\n<p><a href=\"mailto:secretary@leedsbeckett.ac.uk\">secretary@leedsbeckett.ac.uk<\/a><\/p>\n","protected":false},"excerpt":{"rendered":"<p>Diese Datenschutzrichtlinie bezieht sich auf die Informationen und Dienstleistungen im Zusammenhang mit dem IMAGE-Toolkit unter toolkit.imageautism.com (das &#8222;Toolkit&#8220;), das von der Leeds Beckett University, UK (LBU, &#8222;uns&#8220;, &#8222;wir&#8220; oder &#8222;unser&#8220;) als Projektleitung des von der EU finanzierten IMAGE-Projekts bereitgestellt wird. Zweck dieser Erkl\u00e4rung ist es, die Nutzer des Toolkits dar\u00fcber zu<\/p>\n","protected":false},"author":90,"featured_media":0,"parent":0,"menu_order":1,"comment_status":"closed","ping_status":"closed","template":"","meta":{"_acf_changed":false,"footnotes":""},"class_list":["post-2433","page","type-page","status-publish","hentry"],"acf":[],"_links":{"self":[{"href":"https:\/\/toolkit.imageautism.com\/_de\/wp-json\/wp\/v2\/pages\/2433","targetHints":{"allow":["GET"]}}],"collection":[{"href":"https:\/\/toolkit.imageautism.com\/_de\/wp-json\/wp\/v2\/pages"}],"about":[{"href":"https:\/\/toolkit.imageautism.com\/_de\/wp-json\/wp\/v2\/types\/page"}],"author":[{"embeddable":true,"href":"https:\/\/toolkit.imageautism.com\/_de\/wp-json\/wp\/v2\/users\/90"}],"replies":[{"embeddable":true,"href":"https:\/\/toolkit.imageautism.com\/_de\/wp-json\/wp\/v2\/comments?post=2433"}],"version-history":[{"count":2,"href":"https:\/\/toolkit.imageautism.com\/_de\/wp-json\/wp\/v2\/pages\/2433\/revisions"}],"predecessor-version":[{"id":2675,"href":"https:\/\/toolkit.imageautism.com\/_de\/wp-json\/wp\/v2\/pages\/2433\/revisions\/2675"}],"wp:attachment":[{"href":"https:\/\/toolkit.imageautism.com\/_de\/wp-json\/wp\/v2\/media?parent=2433"}],"curies":[{"name":"wp","href":"https:\/\/api.w.org\/{rel}","templated":true}]}}