{"id":2055,"date":"2021-10-18T17:23:42","date_gmt":"2021-10-18T17:23:42","guid":{"rendered":"https:\/\/toolkit.imageautism.com\/_de\/?page_id=2055"},"modified":"2022-02-16T11:30:55","modified_gmt":"2022-02-16T11:30:55","slug":"register","status":"publish","type":"page","link":"https:\/\/toolkit.imageautism.com\/_de\/login\/register\/","title":{"rendered":"Registrierung"},"content":{"rendered":"<h3>Bitte beachten Sie, dass Sie sich nicht registrieren m\u00fcssen, um das Toolkit zu durchsuchen. Sie m\u00fcssen sich nur registrieren, wenn Sie die Profilersteller und Vorlagenersteller nutzen m\u00f6chten.<\/h3>\n<p>Wenn Sie sich f\u00fcr das IMAGE Employability Toolkit (das Toolkit) registrieren, erheben wir pers\u00f6nliche Daten, um Ihr Konto zu verwalten. Mit der Registrierung f\u00fcr das Toolkit erkl\u00e4ren Sie, dass Sie nicht minderj\u00e4hrig sind (nicht unter 18 Jahren). Sie k\u00f6nnen Ihr Konto jederzeit schlie\u00dfen.<\/p>\n<p>Ausf\u00fchrliche Informationen dar\u00fcber, wie das Toolkit Ihre Daten verwendet und speichert, finden Sie in der <strong><u><a href=\"https:\/\/toolkit.imageautism.com\/_de\/privacy-policy\/\">Datenschutzrichtlinie<\/a><\/u><\/strong>.<\/p>\n<form method=\"post\"  id=\"um_form_register\" class=\"um_user_form personal-details um_generated_form\" onsubmit=\"umInsertUser(this);return false;\" enctype=\"multipart\/form-data\" > <div class=\"um_field_container\"><label id=\"um_field_400_register_label\" class=\"um_label_top\" for=\"um_field_400_register\"><\/label><label><input type=\"checkbox\" value=\"Ich habe die Datenschutzbestimmungen gelesen und akzeptiere sie\" name=\"consent[]\" id=\"um_field_400_register_1\" class=\"um_field_400 um_input validate[required]\"\/> Ich habe die Datenschutzbestimmungen gelesen und akzeptiere sie<\/label><\/div><div class=\"um_field_container\"><label id=\"um_field_221_register_label\" class=\"um_label_top\" for=\"um_field_221_register\">Vorname<\/label><input type=\"text\" name=\"first_name\" id=\"um_field_221_register\" class=\"um_field_221 um_input\"\/><\/div><div class=\"um_field_container\"><label id=\"um_field_222_register_label\" class=\"um_label_top\" for=\"um_field_222_register\">Nachname<\/label><input type=\"text\" name=\"last_name\" id=\"um_field_222_register\" class=\"um_field_222 um_input\"\/><\/div><div class=\"um_field_container\"><label id=\"um_field_223_register_label\" class=\"um_label_top\" for=\"um_field_223_register\">E-Mail<\/label><input type=\"email\" name=\"user_email\" id=\"um_field_223_register\" class=\"um_field_223 um_input validate[required,custom[email]]\"\/><\/div><div class=\"um_field_container\"><label id=\"um_field_225_register_label\" class=\"um_label_top\" for=\"um_field_225_register\">Passwort<\/label><input type=\"password\" name=\"user_pass\" id=\"um_field_225_register\" class=\"um_field_225 um_input validate[required]\"\/><\/div><div class=\"um_field_container um_inline\"><label id=\"um_field_308_register_label\" class=\"um_label_inline\" for=\"um_field_308_register\">Wir w\u00fcrden gerne wissen, was Sie \u00fcber dieses Toolkit denken, damit wir es weiter verbessern k\u00f6nnen. Bitte geben Sie an, ob Sie an einer Online-Umfrage teilnehmen m\u00f6chten.<\/label><label><input type=\"checkbox\" value=\"Ich bin gerne bereit, Feedback zu geben\" name=\"feedback[]\" id=\"um_field_308_register_1\" class=\"um_field_308 um_input\"\/> Ich bin gerne bereit, Feedback zu geben<\/label><\/div><div class=\"um_field_container\"><label id=\"um_field_398_register_label\" class=\"um_label_top\" for=\"um_field_398_register\"><\/label><div class=\"um_recaptcha\" data-theme=\"light\" data-type=\"image\"><\/div><\/div><div class=\"um_clear\"><\/div><input type=\"hidden\" name=\"form_key\" value=\"Register\"\/><input type=\"hidden\" name=\"action_type\" value=\"registration\"\/><input type=\"hidden\" name=\"user_id\"\/><input type=\"hidden\" name=\"pf_nonce\" value=\"0987792e01\" \/><input type=\"hidden\" name=\"_wp_http_referer\" value=\"\/_de\/wp-json\/wp\/v2\/pages\/2055\" \/><input type=\"hidden\" name=\"method_name\" value=\"InsertUser\" \/><input type=\"hidden\" name=\"um_post_method_nonce\" value=\"c9533fcdfd\" \/><input type=\"submit\" name=\"um_submit_button\" value=\"Registrierung\" id=\"insert_user\" class=\"btn full-article\"\/><\/form>\n","protected":false},"excerpt":{"rendered":"<p>Bitte beachten Sie, dass Sie sich nicht registrieren m\u00fcssen, um das Toolkit zu durchsuchen. Sie m\u00fcssen sich nur registrieren, wenn Sie die Profilersteller und Vorlagenersteller nutzen m\u00f6chten. Wenn Sie sich f\u00fcr das IMAGE Employability Toolkit (das Toolkit) registrieren, erheben wir pers\u00f6nliche Daten, um Ihr Konto zu verwalten. Mit der Registrierung f\u00fcr<\/p>\n","protected":false},"author":90,"featured_media":0,"parent":2058,"menu_order":10,"comment_status":"closed","ping_status":"closed","template":"template-login.php","meta":{"_acf_changed":false,"footnotes":""},"class_list":["post-2055","page","type-page","status-publish","hentry"],"acf":[],"_links":{"self":[{"href":"https:\/\/toolkit.imageautism.com\/_de\/wp-json\/wp\/v2\/pages\/2055","targetHints":{"allow":["GET"]}}],"collection":[{"href":"https:\/\/toolkit.imageautism.com\/_de\/wp-json\/wp\/v2\/pages"}],"about":[{"href":"https:\/\/toolkit.imageautism.com\/_de\/wp-json\/wp\/v2\/types\/page"}],"author":[{"embeddable":true,"href":"https:\/\/toolkit.imageautism.com\/_de\/wp-json\/wp\/v2\/users\/90"}],"replies":[{"embeddable":true,"href":"https:\/\/toolkit.imageautism.com\/_de\/wp-json\/wp\/v2\/comments?post=2055"}],"version-history":[{"count":2,"href":"https:\/\/toolkit.imageautism.com\/_de\/wp-json\/wp\/v2\/pages\/2055\/revisions"}],"predecessor-version":[{"id":2671,"href":"https:\/\/toolkit.imageautism.com\/_de\/wp-json\/wp\/v2\/pages\/2055\/revisions\/2671"}],"up":[{"embeddable":true,"href":"https:\/\/toolkit.imageautism.com\/_de\/wp-json\/wp\/v2\/pages\/2058"}],"wp:attachment":[{"href":"https:\/\/toolkit.imageautism.com\/_de\/wp-json\/wp\/v2\/media?parent=2055"}],"curies":[{"name":"wp","href":"https:\/\/api.w.org\/{rel}","templated":true}]}}